{"id":1678,"date":"2022-12-13T15:45:28","date_gmt":"2022-12-13T14:45:28","guid":{"rendered":"https:\/\/wordpress-390424-4453142.cloudwaysapps.com\/?page_id=1678"},"modified":"2022-12-13T15:49:21","modified_gmt":"2022-12-13T14:49:21","slug":"merci-2","status":"publish","type":"page","link":"https:\/\/brandstoffenbergiers.be\/fr\/merci-2\/","title":{"rendered":"Merci !"},"content":{"rendered":"\t\t<div data-elementor-type=\"wp-post\" data-elementor-id=\"1678\" class=\"elementor elementor-1678 elementor-1676\" data-elementor-post-type=\"page\">\n\t\t\t\t\t\t<section class=\"elementor-section elementor-top-section elementor-element elementor-element-4f24352 elementor-section-content-middle elementor-section-boxed elementor-section-height-default elementor-section-height-default\" data-id=\"4f24352\" data-element_type=\"section\" data-e-type=\"section\" data-settings=\"{&quot;background_background&quot;:&quot;classic&quot;}\">\n\t\t\t\t\t\t\t<div class=\"elementor-background-overlay\"><\/div>\n\t\t\t\t\t\t\t<div class=\"elementor-container elementor-column-gap-no\">\n\t\t\t\t\t<div class=\"elementor-column elementor-col-100 elementor-top-column elementor-element elementor-element-2cc63e9\" data-id=\"2cc63e9\" data-element_type=\"column\" data-e-type=\"column\">\n\t\t\t<div class=\"elementor-widget-wrap elementor-element-populated\">\n\t\t\t\t\t\t<div class=\"elementor-element elementor-element-1908daf elementor-widget elementor-widget-heading\" data-id=\"1908daf\" data-element_type=\"widget\" data-e-type=\"widget\" data-widget_type=\"heading.default\">\n\t\t\t\t<div class=\"elementor-widget-container\">\n\t\t\t\t\t<h1 class=\"elementor-heading-title elementor-size-default\">Merci !<\/h1>\t\t\t\t<\/div>\n\t\t\t\t<\/div>\n\t\t\t\t<div class=\"elementor-element elementor-element-d5a4fbc elementor-widget-divider--view-line elementor-widget elementor-widget-divider\" data-id=\"d5a4fbc\" data-element_type=\"widget\" data-e-type=\"widget\" data-widget_type=\"divider.default\">\n\t\t\t\t<div class=\"elementor-widget-container\">\n\t\t\t\t\t\t\t<div class=\"elementor-divider\">\n\t\t\t<span class=\"elementor-divider-separator\">\n\t\t\t\t\t\t<\/span>\n\t\t<\/div>\n\t\t\t\t\t\t<\/div>\n\t\t\t\t<\/div>\n\t\t\t\t\t<\/div>\n\t\t<\/div>\n\t\t\t\t\t<\/div>\n\t\t<\/section>\n\t\t\t\t<section class=\"elementor-section elementor-top-section elementor-element elementor-element-e7676e3 elementor-section-boxed elementor-section-height-default elementor-section-height-default\" data-id=\"e7676e3\" data-element_type=\"section\" data-e-type=\"section\">\n\t\t\t\t\t\t<div class=\"elementor-container elementor-column-gap-default\">\n\t\t\t\t\t<div class=\"elementor-column elementor-col-100 elementor-top-column elementor-element elementor-element-a380c07\" data-id=\"a380c07\" data-element_type=\"column\" data-e-type=\"column\">\n\t\t\t<div class=\"elementor-widget-wrap elementor-element-populated\">\n\t\t\t\t\t\t<section class=\"elementor-section elementor-inner-section elementor-element elementor-element-05482e8 elementor-section-content-middle elementor-section-boxed elementor-section-height-default elementor-section-height-default\" data-id=\"05482e8\" data-element_type=\"section\" data-e-type=\"section\">\n\t\t\t\t\t\t<div class=\"elementor-container elementor-column-gap-default\">\n\t\t\t\t\t<div class=\"elementor-column elementor-col-50 elementor-inner-column elementor-element elementor-element-51bf15e\" data-id=\"51bf15e\" data-element_type=\"column\" data-e-type=\"column\">\n\t\t\t<div class=\"elementor-widget-wrap\">\n\t\t\t\t\t\t\t<\/div>\n\t\t<\/div>\n\t\t\t\t<div class=\"elementor-column elementor-col-50 elementor-inner-column elementor-element elementor-element-b07a39c\" data-id=\"b07a39c\" data-element_type=\"column\" data-e-type=\"column\" data-settings=\"{&quot;background_background&quot;:&quot;classic&quot;}\">\n\t\t\t<div class=\"elementor-widget-wrap elementor-element-populated\">\n\t\t\t\t\t<div class=\"elementor-background-overlay\"><\/div>\n\t\t\t\t\t\t<div class=\"elementor-element elementor-element-7cb7e13 uael-dual-heading-align-left elementor-widget elementor-widget-uael-dual-color-heading\" data-id=\"7cb7e13\" data-element_type=\"widget\" data-e-type=\"widget\" data-widget_type=\"uael-dual-color-heading.default\">\n\t\t\t\t<div class=\"elementor-widget-container\">\n\t\t\t\t\t\t\t\t\t<div class=\"uael-module-content uael-dual-color-heading uael-heading-stack-none\">\n\t\t\t<h4>\n\t\t\t\t\t\t\t\t\t\t\t\t\t\t\t\t<span class=\"uael-before-heading\"><span class=\"elementor-inline-editing uael-dual-heading-text uael-first-text\" data-elementor-setting-key=\"before_heading_text\" data-elementor-inline-editing-toolbar=\"basic\">Commandez votre carburant d\u00e8s aujourd'hui<\/span><\/span><span class=\"uael-adv-heading-stack\"><span class=\"elementor-inline-editing uael-dual-heading-text uael-highlight-text\" data-elementor-setting-key=\"second_heading_text\" data-elementor-inline-editing-toolbar=\"basic\"><\/span><\/span>\t\t\t\t\t\t\t\t\t\t\t\t\t<\/h4>\n\t\t<\/div>\n\t\t\t\t\t\t<\/div>\n\t\t\t\t<\/div>\n\t\t\t\t<div class=\"elementor-element elementor-element-57a1353 elementor-widget elementor-widget-heading\" data-id=\"57a1353\" data-element_type=\"widget\" data-e-type=\"widget\" data-widget_type=\"heading.default\">\n\t\t\t\t<div class=\"elementor-widget-container\">\n\t\t\t\t\t<h2 class=\"elementor-heading-title elementor-size-default\"><a href=\"https:\/\/wordpress-390424-4453142.cloudwaysapps.com\/fr\/commandez\/\">Commandez maintenant<\/a><\/h2>\t\t\t\t<\/div>\n\t\t\t\t<\/div>\n\t\t\t\t\t<\/div>\n\t\t<\/div>\n\t\t\t\t\t<\/div>\n\t\t<\/section>\n\t\t\t\t\t<\/div>\n\t\t<\/div>\n\t\t\t\t\t<\/div>\n\t\t<\/section>\n\t\t\t\t<section class=\"elementor-section elementor-top-section elementor-element elementor-element-d5e21b9 elementor-section-boxed elementor-section-height-default elementor-section-height-default\" data-id=\"d5e21b9\" data-element_type=\"section\" data-e-type=\"section\" data-settings=\"{&quot;background_background&quot;:&quot;classic&quot;}\">\n\t\t\t\t\t\t\t<div class=\"elementor-background-overlay\"><\/div>\n\t\t\t\t\t\t\t<div class=\"elementor-container elementor-column-gap-no\">\n\t\t\t\t\t<div class=\"elementor-column elementor-col-100 elementor-top-column elementor-element elementor-element-7529158\" data-id=\"7529158\" data-element_type=\"column\" data-e-type=\"column\">\n\t\t\t<div class=\"elementor-widget-wrap elementor-element-populated\">\n\t\t\t\t\t\t<section class=\"elementor-section elementor-inner-section elementor-element elementor-element-425e2ba elementor-section-boxed elementor-section-height-default elementor-section-height-default\" data-id=\"425e2ba\" data-element_type=\"section\" data-e-type=\"section\">\n\t\t\t\t\t\t<div class=\"elementor-container elementor-column-gap-wider\">\n\t\t\t\t\t<div class=\"elementor-column elementor-col-100 elementor-inner-column elementor-element elementor-element-ec1797c\" data-id=\"ec1797c\" data-element_type=\"column\" data-e-type=\"column\">\n\t\t\t<div class=\"elementor-widget-wrap elementor-element-populated\">\n\t\t\t\t\t\t<div class=\"elementor-element elementor-element-54fcabe elementor-widget elementor-widget-heading\" data-id=\"54fcabe\" data-element_type=\"widget\" data-e-type=\"widget\" data-widget_type=\"heading.default\">\n\t\t\t\t<div class=\"elementor-widget-container\">\n\t\t\t\t\t<h2 class=\"elementor-heading-title elementor-size-default\">Merci pour votre message<\/h2>\t\t\t\t<\/div>\n\t\t\t\t<\/div>\n\t\t\t\t\t<\/div>\n\t\t<\/div>\n\t\t\t\t\t<\/div>\n\t\t<\/section>\n\t\t\t\t<div class=\"elementor-element elementor-element-4a5b54f elementor-widget-divider--view-line elementor-widget elementor-widget-divider\" data-id=\"4a5b54f\" data-element_type=\"widget\" data-e-type=\"widget\" data-widget_type=\"divider.default\">\n\t\t\t\t<div class=\"elementor-widget-container\">\n\t\t\t\t\t\t\t<div class=\"elementor-divider\">\n\t\t\t<span class=\"elementor-divider-separator\">\n\t\t\t\t\t\t<\/span>\n\t\t<\/div>\n\t\t\t\t\t\t<\/div>\n\t\t\t\t<\/div>\n\t\t\t\t<div class=\"elementor-element elementor-element-9483b3f elementor-widget elementor-widget-text-editor\" data-id=\"9483b3f\" data-element_type=\"widget\" data-e-type=\"widget\" data-widget_type=\"text-editor.default\">\n\t\t\t\t<div class=\"elementor-widget-container\">\n\t\t\t\t\t\t\t\t\t<p>Nous avons envoy\u00e9 un e-mail \u00e0 l&#8217;adresse e-mail sp\u00e9cifi\u00e9e avec un r\u00e9sum\u00e9 de votre message.<br \/>Merci d&#8217;avance pour le vote de confiance.<\/p>\t\t\t\t\t\t\t\t<\/div>\n\t\t\t\t<\/div>\n\t\t\t\t<div class=\"elementor-element elementor-element-6a70aab elementor-align-center elementor-widget elementor-widget-button\" data-id=\"6a70aab\" data-element_type=\"widget\" data-e-type=\"widget\" data-widget_type=\"button.default\">\n\t\t\t\t<div class=\"elementor-widget-container\">\n\t\t\t\t\t\t\t\t\t<div class=\"elementor-button-wrapper\">\n\t\t\t\t\t<a class=\"elementor-button elementor-button-link elementor-size-lg\" href=\"https:\/\/wordpress-390424-4453142.cloudwaysapps.com\/fr\/\">\n\t\t\t\t\t\t<span class=\"elementor-button-content-wrapper\">\n\t\t\t\t\t\t<span class=\"elementor-button-icon\">\n\t\t\t\t<i aria-hidden=\"true\" class=\"fas fa-backward\"><\/i>\t\t\t<\/span>\n\t\t\t\t\t\t\t\t\t<span class=\"elementor-button-text\">Retour<\/span>\n\t\t\t\t\t<\/span>\n\t\t\t\t\t<\/a>\n\t\t\t\t<\/div>\n\t\t\t\t\t\t\t\t<\/div>\n\t\t\t\t<\/div>\n\t\t\t\t\t<\/div>\n\t\t<\/div>\n\t\t\t\t\t<\/div>\n\t\t<\/section>\n\t\t\t\t<\/div>\n\t\t","protected":false},"excerpt":{"rendered":"<p>Merci ! Commandez votre carburant d\u00e8s aujourd&#8217;hui Commandez maintenant Merci pour votre message Nous avons envoy\u00e9 un e-mail \u00e0 l&#8217;adresse e-mail sp\u00e9cifi\u00e9e avec un r\u00e9sum\u00e9 de votre message.Merci d&#8217;avance pour le vote de confiance. Retour<\/p>\n","protected":false},"author":4,"featured_media":0,"parent":0,"menu_order":0,"comment_status":"closed","ping_status":"closed","template":"","meta":{"_acf_changed":false,"site-sidebar-layout":"no-sidebar","site-content-layout":"page-builder","ast-global-header-display":"","ast-main-header-display":"","ast-hfb-above-header-display":"","ast-hfb-below-header-display":"","ast-hfb-mobile-header-display":"","site-post-title":"disabled","ast-breadcrumbs-content":"","ast-featured-img":"disabled","footer-sml-layout":"","theme-transparent-header-meta":"enabled","adv-header-id-meta":"","stick-header-meta":"default","header-above-stick-meta":"","header-main-stick-meta":"","header-below-stick-meta":"","footnotes":""},"class_list":["post-1678","page","type-page","status-publish","hentry"],"acf":[],"yoast_head":"<!-- This site is optimized with the Yoast SEO plugin v27.0 - https:\/\/yoast.com\/product\/yoast-seo-wordpress\/ -->\n<title>Merci ! - Brandstoffen Bergiers<\/title>\n<meta name=\"robots\" content=\"index, follow, max-snippet:-1, max-image-preview:large, max-video-preview:-1\" \/>\n<link rel=\"canonical\" href=\"https:\/\/brandstoffenbergiers.be\/fr\/merci-2\/\" \/>\n<meta property=\"og:locale\" content=\"fr_FR\" \/>\n<meta property=\"og:type\" content=\"article\" \/>\n<meta property=\"og:title\" content=\"Merci ! - Brandstoffen Bergiers\" \/>\n<meta property=\"og:description\" content=\"Merci ! Commandez votre carburant d\u00e8s aujourd&#8217;hui Commandez maintenant Merci pour votre message Nous avons envoy\u00e9 un e-mail \u00e0 l&#8217;adresse e-mail sp\u00e9cifi\u00e9e avec un r\u00e9sum\u00e9 de votre message.Merci d&#8217;avance pour le vote de confiance. Retour\" \/>\n<meta property=\"og:url\" content=\"https:\/\/brandstoffenbergiers.be\/fr\/merci-2\/\" \/>\n<meta property=\"og:site_name\" content=\"Brandstoffen Bergiers\" \/>\n<meta property=\"article:modified_time\" content=\"2022-12-13T14:49:21+00:00\" \/>\n<meta name=\"twitter:card\" content=\"summary_large_image\" \/>\n<meta name=\"twitter:label1\" content=\"Dur\u00e9e de lecture estim\u00e9e\" \/>\n\t<meta name=\"twitter:data1\" content=\"1 minute\" \/>\n<script type=\"application\/ld+json\" class=\"yoast-schema-graph\">{\"@context\":\"https:\/\/schema.org\",\"@graph\":[{\"@type\":\"WebPage\",\"@id\":\"https:\/\/brandstoffenbergiers.be\/fr\/merci-2\/\",\"url\":\"https:\/\/brandstoffenbergiers.be\/fr\/merci-2\/\",\"name\":\"Merci ! - Brandstoffen Bergiers\",\"isPartOf\":{\"@id\":\"https:\/\/brandstoffenbergiers.be\/fr\/#website\"},\"datePublished\":\"2022-12-13T14:45:28+00:00\",\"dateModified\":\"2022-12-13T14:49:21+00:00\",\"breadcrumb\":{\"@id\":\"https:\/\/brandstoffenbergiers.be\/fr\/merci-2\/#breadcrumb\"},\"inLanguage\":\"fr-FR\",\"potentialAction\":[{\"@type\":\"ReadAction\",\"target\":[\"https:\/\/brandstoffenbergiers.be\/fr\/merci-2\/\"]}]},{\"@type\":\"BreadcrumbList\",\"@id\":\"https:\/\/brandstoffenbergiers.be\/fr\/merci-2\/#breadcrumb\",\"itemListElement\":[{\"@type\":\"ListItem\",\"position\":1,\"name\":\"Home\",\"item\":\"https:\/\/brandstoffenbergiers.be\/fr\/\"},{\"@type\":\"ListItem\",\"position\":2,\"name\":\"Merci !\"}]},{\"@type\":\"WebSite\",\"@id\":\"https:\/\/brandstoffenbergiers.be\/fr\/#website\",\"url\":\"https:\/\/brandstoffenbergiers.be\/fr\/\",\"name\":\"Brandstoffen Bergiers\",\"description\":\"Brandstoflevering aan huis\",\"publisher\":{\"@id\":\"https:\/\/brandstoffenbergiers.be\/fr\/#organization\"},\"potentialAction\":[{\"@type\":\"SearchAction\",\"target\":{\"@type\":\"EntryPoint\",\"urlTemplate\":\"https:\/\/brandstoffenbergiers.be\/fr\/?s={search_term_string}\"},\"query-input\":{\"@type\":\"PropertyValueSpecification\",\"valueRequired\":true,\"valueName\":\"search_term_string\"}}],\"inLanguage\":\"fr-FR\"},{\"@type\":\"Organization\",\"@id\":\"https:\/\/brandstoffenbergiers.be\/fr\/#organization\",\"name\":\"Brandstoffen Bergiers\",\"url\":\"https:\/\/brandstoffenbergiers.be\/fr\/\",\"logo\":{\"@type\":\"ImageObject\",\"inLanguage\":\"fr-FR\",\"@id\":\"https:\/\/brandstoffenbergiers.be\/fr\/#\/schema\/logo\/image\/\",\"url\":\"https:\/\/brandstoffenbergiers.be\/wp-content\/uploads\/2022\/11\/Logo_brandstoffenbergiers-1.png\",\"contentUrl\":\"https:\/\/brandstoffenbergiers.be\/wp-content\/uploads\/2022\/11\/Logo_brandstoffenbergiers-1.png\",\"width\":749,\"height\":515,\"caption\":\"Brandstoffen Bergiers\"},\"image\":{\"@id\":\"https:\/\/brandstoffenbergiers.be\/fr\/#\/schema\/logo\/image\/\"}}]}<\/script>\n<!-- \/ Yoast SEO plugin. -->","yoast_head_json":{"title":"Merci ! - Brandstoffen Bergiers","robots":{"index":"index","follow":"follow","max-snippet":"max-snippet:-1","max-image-preview":"max-image-preview:large","max-video-preview":"max-video-preview:-1"},"canonical":"https:\/\/brandstoffenbergiers.be\/fr\/merci-2\/","og_locale":"fr_FR","og_type":"article","og_title":"Merci ! - Brandstoffen Bergiers","og_description":"Merci ! Commandez votre carburant d\u00e8s aujourd&#8217;hui Commandez maintenant Merci pour votre message Nous avons envoy\u00e9 un e-mail \u00e0 l&#8217;adresse e-mail sp\u00e9cifi\u00e9e avec un r\u00e9sum\u00e9 de votre message.Merci d&#8217;avance pour le vote de confiance. Retour","og_url":"https:\/\/brandstoffenbergiers.be\/fr\/merci-2\/","og_site_name":"Brandstoffen Bergiers","article_modified_time":"2022-12-13T14:49:21+00:00","twitter_card":"summary_large_image","twitter_misc":{"Dur\u00e9e de lecture estim\u00e9e":"1 minute"},"schema":{"@context":"https:\/\/schema.org","@graph":[{"@type":"WebPage","@id":"https:\/\/brandstoffenbergiers.be\/fr\/merci-2\/","url":"https:\/\/brandstoffenbergiers.be\/fr\/merci-2\/","name":"Merci ! - Brandstoffen Bergiers","isPartOf":{"@id":"https:\/\/brandstoffenbergiers.be\/fr\/#website"},"datePublished":"2022-12-13T14:45:28+00:00","dateModified":"2022-12-13T14:49:21+00:00","breadcrumb":{"@id":"https:\/\/brandstoffenbergiers.be\/fr\/merci-2\/#breadcrumb"},"inLanguage":"fr-FR","potentialAction":[{"@type":"ReadAction","target":["https:\/\/brandstoffenbergiers.be\/fr\/merci-2\/"]}]},{"@type":"BreadcrumbList","@id":"https:\/\/brandstoffenbergiers.be\/fr\/merci-2\/#breadcrumb","itemListElement":[{"@type":"ListItem","position":1,"name":"Home","item":"https:\/\/brandstoffenbergiers.be\/fr\/"},{"@type":"ListItem","position":2,"name":"Merci !"}]},{"@type":"WebSite","@id":"https:\/\/brandstoffenbergiers.be\/fr\/#website","url":"https:\/\/brandstoffenbergiers.be\/fr\/","name":"Brandstoffen Bergiers","description":"Brandstoflevering aan huis","publisher":{"@id":"https:\/\/brandstoffenbergiers.be\/fr\/#organization"},"potentialAction":[{"@type":"SearchAction","target":{"@type":"EntryPoint","urlTemplate":"https:\/\/brandstoffenbergiers.be\/fr\/?s={search_term_string}"},"query-input":{"@type":"PropertyValueSpecification","valueRequired":true,"valueName":"search_term_string"}}],"inLanguage":"fr-FR"},{"@type":"Organization","@id":"https:\/\/brandstoffenbergiers.be\/fr\/#organization","name":"Brandstoffen Bergiers","url":"https:\/\/brandstoffenbergiers.be\/fr\/","logo":{"@type":"ImageObject","inLanguage":"fr-FR","@id":"https:\/\/brandstoffenbergiers.be\/fr\/#\/schema\/logo\/image\/","url":"https:\/\/brandstoffenbergiers.be\/wp-content\/uploads\/2022\/11\/Logo_brandstoffenbergiers-1.png","contentUrl":"https:\/\/brandstoffenbergiers.be\/wp-content\/uploads\/2022\/11\/Logo_brandstoffenbergiers-1.png","width":749,"height":515,"caption":"Brandstoffen Bergiers"},"image":{"@id":"https:\/\/brandstoffenbergiers.be\/fr\/#\/schema\/logo\/image\/"}}]}},"_links":{"self":[{"href":"https:\/\/brandstoffenbergiers.be\/fr\/wp-json\/wp\/v2\/pages\/1678","targetHints":{"allow":["GET"]}}],"collection":[{"href":"https:\/\/brandstoffenbergiers.be\/fr\/wp-json\/wp\/v2\/pages"}],"about":[{"href":"https:\/\/brandstoffenbergiers.be\/fr\/wp-json\/wp\/v2\/types\/page"}],"author":[{"embeddable":true,"href":"https:\/\/brandstoffenbergiers.be\/fr\/wp-json\/wp\/v2\/users\/4"}],"replies":[{"embeddable":true,"href":"https:\/\/brandstoffenbergiers.be\/fr\/wp-json\/wp\/v2\/comments?post=1678"}],"version-history":[{"count":4,"href":"https:\/\/brandstoffenbergiers.be\/fr\/wp-json\/wp\/v2\/pages\/1678\/revisions"}],"predecessor-version":[{"id":1690,"href":"https:\/\/brandstoffenbergiers.be\/fr\/wp-json\/wp\/v2\/pages\/1678\/revisions\/1690"}],"wp:attachment":[{"href":"https:\/\/brandstoffenbergiers.be\/fr\/wp-json\/wp\/v2\/media?parent=1678"}],"curies":[{"name":"wp","href":"https:\/\/api.w.org\/{rel}","templated":true}]}}