{"id":1503,"date":"2019-04-08T19:19:36","date_gmt":"2019-04-08T17:19:36","guid":{"rendered":"https:\/\/wordpress-390424-4453142.cloudwaysapps.com\/home\/"},"modified":"2024-08-06T19:00:53","modified_gmt":"2024-08-06T17:00:53","slug":"home","status":"publish","type":"page","link":"https:\/\/brandstoffenbergiers.be\/fr\/","title":{"rendered":"Home"},"content":{"rendered":"\t\t<div data-elementor-type=\"wp-page\" data-elementor-id=\"1503\" class=\"elementor elementor-1503 elementor-6\" data-elementor-post-type=\"page\">\n\t\t\t\t\t\t<section class=\"elementor-section elementor-top-section elementor-element elementor-element-11e16b8 elementor-section-content-middle elementor-section-boxed elementor-section-height-default elementor-section-height-default\" data-id=\"11e16b8\" data-element_type=\"section\" data-e-type=\"section\" data-settings=\"{&quot;background_background&quot;:&quot;classic&quot;}\">\n\t\t\t\t\t\t\t<div class=\"elementor-background-overlay\"><\/div>\n\t\t\t\t\t\t\t<div class=\"elementor-container elementor-column-gap-no\">\n\t\t\t\t\t<div class=\"elementor-column elementor-col-100 elementor-top-column elementor-element elementor-element-8ba4811\" data-id=\"8ba4811\" data-element_type=\"column\" data-e-type=\"column\">\n\t\t\t<div class=\"elementor-widget-wrap elementor-element-populated\">\n\t\t\t\t\t\t<div class=\"elementor-element elementor-element-613a58e elementor-widget elementor-widget-heading\" data-id=\"613a58e\" data-element_type=\"widget\" data-e-type=\"widget\" data-widget_type=\"heading.default\">\n\t\t\t\t<div class=\"elementor-widget-container\">\n\t\t\t\t\t<h1 class=\"elementor-heading-title elementor-size-default\">Combustibles Bergiers - Commander du Combustibles en ligne<\/h1>\t\t\t\t<\/div>\n\t\t\t\t<\/div>\n\t\t\t\t<div class=\"elementor-element elementor-element-3c7318b uael-dual-heading-align-left elementor-widget elementor-widget-uael-dual-color-heading\" data-id=\"3c7318b\" data-element_type=\"widget\" data-e-type=\"widget\" data-widget_type=\"uael-dual-color-heading.default\">\n\t\t\t\t<div class=\"elementor-widget-container\">\n\t\t\t\t\t\t\t\t\t<div class=\"uael-module-content uael-dual-color-heading uael-stack-desktop-yes uael-heading-stack-\">\n\t\t\t<h1>\n\t\t\t\t\t\t\t\t\t\t\t\t\t\t\t\t<span class=\"uael-before-heading\"><span class=\"elementor-inline-editing uael-dual-heading-text uael-first-text\" data-elementor-setting-key=\"before_heading_text\" data-elementor-inline-editing-toolbar=\"basic\">Combustibles - \u00c9NERGIE <\/span><\/span><span class=\"uael-adv-heading-stack\"><span class=\"elementor-inline-editing uael-dual-heading-text uael-highlight-text\" data-elementor-setting-key=\"second_heading_text\" data-elementor-inline-editing-toolbar=\"basic\">pour avoir bien chaud chez vous<\/span><\/span>\t\t\t\t\t\t\t\t\t\t\t\t\t<\/h1>\n\t\t<\/div>\n\t\t\t\t\t\t<\/div>\n\t\t\t\t<\/div>\n\t\t\t\t<div class=\"elementor-element elementor-element-e333be7 elementor-widget-divider--view-line elementor-widget elementor-widget-divider\" data-id=\"e333be7\" data-element_type=\"widget\" data-e-type=\"widget\" data-widget_type=\"divider.default\">\n\t\t\t\t<div class=\"elementor-widget-container\">\n\t\t\t\t\t\t\t<div class=\"elementor-divider\">\n\t\t\t<span class=\"elementor-divider-separator\">\n\t\t\t\t\t\t<\/span>\n\t\t<\/div>\n\t\t\t\t\t\t<\/div>\n\t\t\t\t<\/div>\n\t\t\t\t<div class=\"elementor-element elementor-element-e9b7979 elementor-widget elementor-widget-heading\" data-id=\"e9b7979\" data-element_type=\"widget\" data-e-type=\"widget\" data-widget_type=\"heading.default\">\n\t\t\t\t<div class=\"elementor-widget-container\">\n\t\t\t\t\t<h6 class=\"elementor-heading-title elementor-size-default\">LIVRAISON DE Combustibles AUX PARTICULIERS ET AUX PROFESSIONNELS<\/h6>\t\t\t\t<\/div>\n\t\t\t\t<\/div>\n\t\t\t\t\t<\/div>\n\t\t<\/div>\n\t\t\t\t\t<\/div>\n\t\t<\/section>\n\t\t\t\t<section class=\"elementor-section elementor-top-section elementor-element elementor-element-d96195f elementor-section-boxed elementor-section-height-default elementor-section-height-default\" data-id=\"d96195f\" data-element_type=\"section\" data-e-type=\"section\">\n\t\t\t\t\t\t<div class=\"elementor-container elementor-column-gap-default\">\n\t\t\t\t\t<div class=\"elementor-column elementor-col-100 elementor-top-column elementor-element elementor-element-d2173fd\" data-id=\"d2173fd\" data-element_type=\"column\" data-e-type=\"column\">\n\t\t\t<div class=\"elementor-widget-wrap elementor-element-populated\">\n\t\t\t\t\t\t<section class=\"elementor-section elementor-inner-section elementor-element elementor-element-d8976be elementor-section-content-middle elementor-section-boxed elementor-section-height-default elementor-section-height-default\" data-id=\"d8976be\" data-element_type=\"section\" data-e-type=\"section\">\n\t\t\t\t\t\t<div class=\"elementor-container elementor-column-gap-default\">\n\t\t\t\t\t<div class=\"elementor-column elementor-col-50 elementor-inner-column elementor-element elementor-element-1a4f743\" data-id=\"1a4f743\" data-element_type=\"column\" data-e-type=\"column\">\n\t\t\t<div class=\"elementor-widget-wrap\">\n\t\t\t\t\t\t\t<\/div>\n\t\t<\/div>\n\t\t\t\t<div class=\"elementor-column elementor-col-50 elementor-inner-column elementor-element elementor-element-98ffeab\" data-id=\"98ffeab\" data-element_type=\"column\" data-e-type=\"column\" data-settings=\"{&quot;background_background&quot;:&quot;classic&quot;}\">\n\t\t\t<div class=\"elementor-widget-wrap elementor-element-populated\">\n\t\t\t\t\t<div class=\"elementor-background-overlay\"><\/div>\n\t\t\t\t\t\t<div class=\"elementor-element elementor-element-2386838 uael-dual-heading-align-left elementor-widget elementor-widget-uael-dual-color-heading\" data-id=\"2386838\" data-element_type=\"widget\" data-e-type=\"widget\" data-widget_type=\"uael-dual-color-heading.default\">\n\t\t\t\t<div class=\"elementor-widget-container\">\n\t\t\t\t\t\t\t\t\t<div class=\"uael-module-content uael-dual-color-heading uael-heading-stack-none\">\n\t\t\t<h4>\n\t\t\t\t\t\t\t\t\t\t\t\t\t\t\t\t<span class=\"uael-before-heading\"><span class=\"elementor-inline-editing uael-dual-heading-text uael-first-text\" data-elementor-setting-key=\"before_heading_text\" data-elementor-inline-editing-toolbar=\"basic\">Commande en ligne 7\/7 et 24\/24<\/span><\/span><span class=\"uael-adv-heading-stack\"><span class=\"elementor-inline-editing uael-dual-heading-text uael-highlight-text\" data-elementor-setting-key=\"second_heading_text\" data-elementor-inline-editing-toolbar=\"basic\"><\/span><\/span>\t\t\t\t\t\t\t\t\t\t\t\t\t<\/h4>\n\t\t<\/div>\n\t\t\t\t\t\t<\/div>\n\t\t\t\t<\/div>\n\t\t\t\t<div class=\"elementor-element elementor-element-d7fa8c8 elementor-widget elementor-widget-heading\" data-id=\"d7fa8c8\" data-element_type=\"widget\" data-e-type=\"widget\" data-widget_type=\"heading.default\">\n\t\t\t\t<div class=\"elementor-widget-container\">\n\t\t\t\t\t<h2 class=\"elementor-heading-title elementor-size-default\"><a href=\"\/fr\/commandez\/\">Commandez<\/a><\/h2>\t\t\t\t<\/div>\n\t\t\t\t<\/div>\n\t\t\t\t\t<\/div>\n\t\t<\/div>\n\t\t\t\t\t<\/div>\n\t\t<\/section>\n\t\t\t\t\t<\/div>\n\t\t<\/div>\n\t\t\t\t\t<\/div>\n\t\t<\/section>\n\t\t\t\t<section class=\"elementor-section elementor-top-section elementor-element elementor-element-214b206 elementor-section-boxed elementor-section-height-default elementor-section-height-default\" data-id=\"214b206\" data-element_type=\"section\" data-e-type=\"section\">\n\t\t\t\t\t\t<div class=\"elementor-container elementor-column-gap-no\">\n\t\t\t\t\t<div class=\"elementor-column elementor-col-100 elementor-top-column elementor-element elementor-element-1e53fa3\" data-id=\"1e53fa3\" data-element_type=\"column\" data-e-type=\"column\">\n\t\t\t<div class=\"elementor-widget-wrap elementor-element-populated\">\n\t\t\t\t\t\t<div class=\"elementor-element elementor-element-df4733c elementor-widget elementor-widget-uael-infobox\" data-id=\"df4733c\" data-element_type=\"widget\" data-e-type=\"widget\" data-widget_type=\"uael-infobox.default\">\n\t\t\t\t<div class=\"elementor-widget-container\">\n\t\t\t\t\t\n<div class=\"uael-module-content uael-infobox  uael-infobox-left  uael-infobox-link-type-none\">\n\t<div class=\"uael-infobox-left-right-wrap\">\n\t\t\t\t\t\t<div class=\"uael-infobox-content\">\n\t\t\t\t\t\t<div class='uael-infobox-title-wrap'><h2 class=\"uael-infobox-title-prefix elementor-inline-editing\" data-elementor-setting-key=\"infobox_title_prefix\" data-elementor-inline-editing-toolbar=\"basic\" >Des Combustibles de qualit\u00e9 \u00e0 un prix abordable<\/h2>\t\t\t<div class=\"uael-separator-parent\">\n\t\t\t\t<div class=\"uael-separator\"><\/div>\n\t\t\t<\/div>\n\t\t\t<h5 class=\"uael-infobox-title elementor-inline-editing\" data-elementor-setting-key=\"infobox_title\" data-elementor-inline-editing-toolbar=\"basic\" >COMMANDEZ AUJOURD'HUI !<\/h5><\/div>\t\t\t\t\t\t\t\t\t<div class=\"uael-infobox-text-wrap\">\n\t\t\t\t<div class=\"uael-infobox-text elementor-inline-editing\" data-elementor-setting-key=\"infobox_description\" data-elementor-inline-editing-toolbar=\"advanced\">\n\t\t\t\t\tCombustibles Bergiers, une entreprise familiale de 3e g\u00e9n\u00e9ration d'Overijse et partenaire de confiance dans la distribution de carburants pour le Brabant flamand et wallon et Bruxelles depuis plus de 75 ans. C'est une valeur s\u00fbr dans la r\u00e9gion o\u00f9 vous pouvez toujours compter sur service et un prix comp\u00e9titif. Combustibles Bergiers est votre fournisseur privil\u00e9gi\u00e9 de mazout, fuel, gasoil extra, diesel, p\u00e9trole. Avec passion et comp\u00e9tence, nous nous chargeons ensuite de votre livraison gr\u00e2ce \u00e0 nos qualit\u00e9s telles que le service, la fiabilit\u00e9 et la flexibilit\u00e9.\u201d\t\t\t\t<\/div>\n\t\t\t\t\t\n\t\t\t\t\t\t\t<\/div>\n\t\t<\/div>\n\t\t\t<\/div>\n<\/div>\n\t\t\t\t<\/div>\n\t\t\t\t<\/div>\n\t\t\t\t\t<\/div>\n\t\t<\/div>\n\t\t\t\t\t<\/div>\n\t\t<\/section>\n\t\t\t\t<section class=\"elementor-section elementor-top-section elementor-element elementor-element-5be90c4 elementor-section-content-bottom elementor-section-boxed elementor-section-height-default elementor-section-height-default\" data-id=\"5be90c4\" data-element_type=\"section\" data-e-type=\"section\">\n\t\t\t\t\t\t<div class=\"elementor-container elementor-column-gap-default\">\n\t\t\t\t\t<div class=\"elementor-column elementor-col-66 elementor-top-column elementor-element elementor-element-6448cd7\" data-id=\"6448cd7\" data-element_type=\"column\" data-e-type=\"column\" data-settings=\"{&quot;background_background&quot;:&quot;classic&quot;}\">\n\t\t\t<div class=\"elementor-widget-wrap elementor-element-populated\">\n\t\t\t\t\t<div class=\"elementor-background-overlay\"><\/div>\n\t\t\t\t\t\t<div class=\"elementor-element elementor-element-26bf343 elementor-widget elementor-widget-heading\" data-id=\"26bf343\" data-element_type=\"widget\" data-e-type=\"widget\" data-widget_type=\"heading.default\">\n\t\t\t\t<div class=\"elementor-widget-container\">\n\t\t\t\t\t<h3 class=\"elementor-heading-title elementor-size-default\"><a href=\"https:\/\/wordpress-390424-4453142.cloudwaysapps.com\/fr\/commandez\/\">Commandez en ligne maintenant<\/a><\/h3>\t\t\t\t<\/div>\n\t\t\t\t<\/div>\n\t\t\t\t<div class=\"elementor-element elementor-element-3eaadbe elementor-align-left elementor-widget elementor-widget-button\" data-id=\"3eaadbe\" data-element_type=\"widget\" data-e-type=\"widget\" data-widget_type=\"button.default\">\n\t\t\t\t<div class=\"elementor-widget-container\">\n\t\t\t\t\t\t\t\t\t<div class=\"elementor-button-wrapper\">\n\t\t\t\t\t<a class=\"elementor-button elementor-button-link elementor-size-sm\" href=\"https:\/\/wordpress-390424-4453142.cloudwaysapps.com\/fr\/commandez\/\">\n\t\t\t\t\t\t<span class=\"elementor-button-content-wrapper\">\n\t\t\t\t\t\t<span class=\"elementor-button-icon\">\n\t\t\t\t<i aria-hidden=\"true\" class=\"fas fa-long-arrow-alt-right\"><\/i>\t\t\t<\/span>\n\t\t\t\t\t\t\t\t\t<span class=\"elementor-button-text\">Passer la commande<\/span>\n\t\t\t\t\t<\/span>\n\t\t\t\t\t<\/a>\n\t\t\t\t<\/div>\n\t\t\t\t\t\t\t\t<\/div>\n\t\t\t\t<\/div>\n\t\t\t\t\t<\/div>\n\t\t<\/div>\n\t\t\t\t<div class=\"elementor-column elementor-col-33 elementor-top-column elementor-element elementor-element-c5b04d0 elementor-hidden-mobile\" data-id=\"c5b04d0\" data-element_type=\"column\" data-e-type=\"column\" data-settings=\"{&quot;background_background&quot;:&quot;classic&quot;}\">\n\t\t\t<div class=\"elementor-widget-wrap elementor-element-populated\">\n\t\t\t\t\t<div class=\"elementor-background-overlay\"><\/div>\n\t\t\t\t\t\t\t<\/div>\n\t\t<\/div>\n\t\t\t\t\t<\/div>\n\t\t<\/section>\n\t\t\t\t<section class=\"elementor-section elementor-top-section elementor-element elementor-element-2c5c645 elementor-section-content-bottom elementor-section-boxed elementor-section-height-default elementor-section-height-default\" data-id=\"2c5c645\" data-element_type=\"section\" data-e-type=\"section\">\n\t\t\t\t\t\t<div class=\"elementor-container elementor-column-gap-default\">\n\t\t\t\t\t<div class=\"elementor-column elementor-col-33 elementor-top-column elementor-element elementor-element-ec5b000 elementor-hidden-mobile\" data-id=\"ec5b000\" data-element_type=\"column\" data-e-type=\"column\" data-settings=\"{&quot;background_background&quot;:&quot;classic&quot;}\">\n\t\t\t<div class=\"elementor-widget-wrap elementor-element-populated\">\n\t\t\t\t\t<div class=\"elementor-background-overlay\"><\/div>\n\t\t\t\t\t\t\t<\/div>\n\t\t<\/div>\n\t\t\t\t<div class=\"elementor-column elementor-col-66 elementor-top-column elementor-element elementor-element-f4c448c\" data-id=\"f4c448c\" data-element_type=\"column\" data-e-type=\"column\" data-settings=\"{&quot;background_background&quot;:&quot;classic&quot;}\">\n\t\t\t<div class=\"elementor-widget-wrap elementor-element-populated\">\n\t\t\t\t\t<div class=\"elementor-background-overlay\"><\/div>\n\t\t\t\t\t\t<div class=\"elementor-element elementor-element-02c5151 elementor-widget elementor-widget-heading\" data-id=\"02c5151\" data-element_type=\"widget\" data-e-type=\"widget\" data-widget_type=\"heading.default\">\n\t\t\t\t<div class=\"elementor-widget-container\">\n\t\t\t\t\t<h3 class=\"elementor-heading-title elementor-size-default\"><a href=\"#\">Consultez nos <\/br>prix comp\u00e9titifs<\/a><\/h3>\t\t\t\t<\/div>\n\t\t\t\t<\/div>\n\t\t\t\t<div class=\"elementor-element elementor-element-649cb6e elementor-align-left elementor-widget elementor-widget-button\" data-id=\"649cb6e\" data-element_type=\"widget\" data-e-type=\"widget\" data-widget_type=\"button.default\">\n\t\t\t\t<div class=\"elementor-widget-container\">\n\t\t\t\t\t\t\t\t\t<div class=\"elementor-button-wrapper\">\n\t\t\t\t\t<a class=\"elementor-button elementor-button-link elementor-size-sm\" href=\"https:\/\/wordpress-390424-4453142.cloudwaysapps.com\/fr\/prix\/\">\n\t\t\t\t\t\t<span class=\"elementor-button-content-wrapper\">\n\t\t\t\t\t\t<span class=\"elementor-button-icon\">\n\t\t\t\t<i aria-hidden=\"true\" class=\"fas fa-long-arrow-alt-right\"><\/i>\t\t\t<\/span>\n\t\t\t\t\t\t\t\t\t<span class=\"elementor-button-text\">Prix<\/span>\n\t\t\t\t\t<\/span>\n\t\t\t\t\t<\/a>\n\t\t\t\t<\/div>\n\t\t\t\t\t\t\t\t<\/div>\n\t\t\t\t<\/div>\n\t\t\t\t\t<\/div>\n\t\t<\/div>\n\t\t\t\t\t<\/div>\n\t\t<\/section>\n\t\t\t\t<\/div>\n\t\t","protected":false},"excerpt":{"rendered":"<p>Combustibles Bergiers &#8211; Commander du Combustibles en ligne Combustibles &#8211; \u00c9NERGIE pour avoir bien chaud chez vous LIVRAISON DE Combustibles AUX PARTICULIERS ET AUX PROFESSIONNELS Commande en ligne 7\/7 et 24\/24 Commandez Des Combustibles de qualit\u00e9 \u00e0 un prix abordable COMMANDEZ AUJOURD&#8217;HUI ! Combustibles Bergiers, une entreprise familiale de 3e g\u00e9n\u00e9ration d&#8217;Overijse et partenaire de &hellip;<\/p>\n<p class=\"read-more\"> <a class=\"\" href=\"https:\/\/brandstoffenbergiers.be\/fr\/\"> <span class=\"screen-reader-text\">Home<\/span> Lire la suite \u00bb<\/a><\/p>\n","protected":false},"author":4,"featured_media":0,"parent":0,"menu_order":0,"comment_status":"closed","ping_status":"closed","template":"","meta":{"_acf_changed":false,"site-sidebar-layout":"no-sidebar","site-content-layout":"page-builder","ast-global-header-display":"","ast-main-header-display":"","ast-hfb-above-header-display":"","ast-hfb-below-header-display":"","ast-hfb-mobile-header-display":"","site-post-title":"disabled","ast-breadcrumbs-content":"","ast-featured-img":"disabled","footer-sml-layout":"","theme-transparent-header-meta":"enabled","adv-header-id-meta":"","stick-header-meta":"default","header-above-stick-meta":"","header-main-stick-meta":"","header-below-stick-meta":"","footnotes":""},"class_list":["post-1503","page","type-page","status-publish","hentry"],"acf":[],"yoast_head":"<!-- This site is optimized with the Yoast SEO plugin v27.0 - https:\/\/yoast.com\/product\/yoast-seo-wordpress\/ -->\n<title>Brandstoffen Bergiers - Commande de carburants en ligne<\/title>\n<meta name=\"description\" content=\"Brandstoffen Bergiers - Diesel, carburant, mazout, commande de mazout, mazout, mazout agricole, livraison de carburant, livraison de carburant \u00e0 domicile, Carburants Belgique, Carburants les moins chers, Prix du diesel Belgique, Fournisseurs de carburant, Distribution de carburant, Distribution de carburant, Comparer les carburants, Economiser sur les co\u00fbts de carburant, Comparer les prix du carburant, Offres de carburant\" \/>\n<meta name=\"robots\" content=\"index, follow, max-snippet:-1, max-image-preview:large, max-video-preview:-1\" \/>\n<link rel=\"canonical\" href=\"https:\/\/brandstoffenbergiers.be\/fr\/\" \/>\n<meta property=\"og:locale\" content=\"fr_FR\" \/>\n<meta property=\"og:type\" content=\"article\" \/>\n<meta property=\"og:title\" content=\"Brandstoffen Bergiers - Commande de carburants en ligne\" \/>\n<meta property=\"og:description\" content=\"Brandstoffen Bergiers - Diesel, carburant, mazout, commande de mazout, mazout, mazout agricole, livraison de carburant, livraison de carburant \u00e0 domicile, Carburants Belgique, Carburants les moins chers, Prix du diesel Belgique, Fournisseurs de carburant, Distribution de carburant, Distribution de carburant, Comparer les carburants, Economiser sur les co\u00fbts de carburant, Comparer les prix du carburant, Offres de carburant\" \/>\n<meta property=\"og:url\" content=\"https:\/\/brandstoffenbergiers.be\/fr\/\" \/>\n<meta property=\"og:site_name\" content=\"Brandstoffen Bergiers\" \/>\n<meta property=\"article:modified_time\" content=\"2024-08-06T17:00:53+00:00\" \/>\n<meta name=\"twitter:card\" content=\"summary_large_image\" \/>\n<meta name=\"twitter:label1\" content=\"Dur\u00e9e de lecture estim\u00e9e\" \/>\n\t<meta name=\"twitter:data1\" content=\"1 minute\" \/>\n<script type=\"application\/ld+json\" class=\"yoast-schema-graph\">{\"@context\":\"https:\/\/schema.org\",\"@graph\":[{\"@type\":\"WebPage\",\"@id\":\"https:\/\/brandstoffenbergiers.be\/fr\/\",\"url\":\"https:\/\/brandstoffenbergiers.be\/fr\/\",\"name\":\"Brandstoffen Bergiers - Commande de carburants en ligne\",\"isPartOf\":{\"@id\":\"https:\/\/brandstoffenbergiers.be\/fr\/#website\"},\"datePublished\":\"2019-04-08T17:19:36+00:00\",\"dateModified\":\"2024-08-06T17:00:53+00:00\",\"description\":\"Brandstoffen Bergiers - Diesel, carburant, mazout, commande de mazout, mazout, mazout agricole, livraison de carburant, livraison de carburant \u00e0 domicile, Carburants Belgique, Carburants les moins chers, Prix du diesel Belgique, Fournisseurs de carburant, Distribution de carburant, Distribution de carburant, Comparer les carburants, Economiser sur les co\u00fbts de carburant, Comparer les prix du carburant, Offres de carburant\",\"breadcrumb\":{\"@id\":\"https:\/\/brandstoffenbergiers.be\/fr\/#breadcrumb\"},\"inLanguage\":\"fr-FR\",\"potentialAction\":[{\"@type\":\"ReadAction\",\"target\":[\"https:\/\/brandstoffenbergiers.be\/fr\/\"]}]},{\"@type\":\"BreadcrumbList\",\"@id\":\"https:\/\/brandstoffenbergiers.be\/fr\/#breadcrumb\",\"itemListElement\":[{\"@type\":\"ListItem\",\"position\":1,\"name\":\"Home\",\"item\":\"https:\/\/brandstoffenbergiers.be\/fr\/\"},{\"@type\":\"ListItem\",\"position\":2,\"name\":\"Home\"}]},{\"@type\":\"WebSite\",\"@id\":\"https:\/\/brandstoffenbergiers.be\/fr\/#website\",\"url\":\"https:\/\/brandstoffenbergiers.be\/fr\/\",\"name\":\"Brandstoffen Bergiers\",\"description\":\"Brandstoflevering aan huis\",\"publisher\":{\"@id\":\"https:\/\/brandstoffenbergiers.be\/fr\/#organization\"},\"potentialAction\":[{\"@type\":\"SearchAction\",\"target\":{\"@type\":\"EntryPoint\",\"urlTemplate\":\"https:\/\/brandstoffenbergiers.be\/fr\/?s={search_term_string}\"},\"query-input\":{\"@type\":\"PropertyValueSpecification\",\"valueRequired\":true,\"valueName\":\"search_term_string\"}}],\"inLanguage\":\"fr-FR\"},{\"@type\":\"Organization\",\"@id\":\"https:\/\/brandstoffenbergiers.be\/fr\/#organization\",\"name\":\"Brandstoffen Bergiers\",\"url\":\"https:\/\/brandstoffenbergiers.be\/fr\/\",\"logo\":{\"@type\":\"ImageObject\",\"inLanguage\":\"fr-FR\",\"@id\":\"https:\/\/brandstoffenbergiers.be\/fr\/#\/schema\/logo\/image\/\",\"url\":\"https:\/\/brandstoffenbergiers.be\/wp-content\/uploads\/2022\/11\/Logo_brandstoffenbergiers-1.png\",\"contentUrl\":\"https:\/\/brandstoffenbergiers.be\/wp-content\/uploads\/2022\/11\/Logo_brandstoffenbergiers-1.png\",\"width\":749,\"height\":515,\"caption\":\"Brandstoffen Bergiers\"},\"image\":{\"@id\":\"https:\/\/brandstoffenbergiers.be\/fr\/#\/schema\/logo\/image\/\"}}]}<\/script>\n<!-- \/ Yoast SEO plugin. -->","yoast_head_json":{"title":"Brandstoffen Bergiers - Commande de carburants en ligne","description":"Brandstoffen Bergiers - Diesel, carburant, mazout, commande de mazout, mazout, mazout agricole, livraison de carburant, livraison de carburant \u00e0 domicile, Carburants Belgique, Carburants les moins chers, Prix du diesel Belgique, Fournisseurs de carburant, Distribution de carburant, Distribution de carburant, Comparer les carburants, Economiser sur les co\u00fbts de carburant, Comparer les prix du carburant, Offres de carburant","robots":{"index":"index","follow":"follow","max-snippet":"max-snippet:-1","max-image-preview":"max-image-preview:large","max-video-preview":"max-video-preview:-1"},"canonical":"https:\/\/brandstoffenbergiers.be\/fr\/","og_locale":"fr_FR","og_type":"article","og_title":"Brandstoffen Bergiers - Commande de carburants en ligne","og_description":"Brandstoffen Bergiers - Diesel, carburant, mazout, commande de mazout, mazout, mazout agricole, livraison de carburant, livraison de carburant \u00e0 domicile, Carburants Belgique, Carburants les moins chers, Prix du diesel Belgique, Fournisseurs de carburant, Distribution de carburant, Distribution de carburant, Comparer les carburants, Economiser sur les co\u00fbts de carburant, Comparer les prix du carburant, Offres de carburant","og_url":"https:\/\/brandstoffenbergiers.be\/fr\/","og_site_name":"Brandstoffen Bergiers","article_modified_time":"2024-08-06T17:00:53+00:00","twitter_card":"summary_large_image","twitter_misc":{"Dur\u00e9e de lecture estim\u00e9e":"1 minute"},"schema":{"@context":"https:\/\/schema.org","@graph":[{"@type":"WebPage","@id":"https:\/\/brandstoffenbergiers.be\/fr\/","url":"https:\/\/brandstoffenbergiers.be\/fr\/","name":"Brandstoffen Bergiers - Commande de carburants en ligne","isPartOf":{"@id":"https:\/\/brandstoffenbergiers.be\/fr\/#website"},"datePublished":"2019-04-08T17:19:36+00:00","dateModified":"2024-08-06T17:00:53+00:00","description":"Brandstoffen Bergiers - Diesel, carburant, mazout, commande de mazout, mazout, mazout agricole, livraison de carburant, livraison de carburant \u00e0 domicile, Carburants Belgique, Carburants les moins chers, Prix du diesel Belgique, Fournisseurs de carburant, Distribution de carburant, Distribution de carburant, Comparer les carburants, Economiser sur les co\u00fbts de carburant, Comparer les prix du carburant, Offres de carburant","breadcrumb":{"@id":"https:\/\/brandstoffenbergiers.be\/fr\/#breadcrumb"},"inLanguage":"fr-FR","potentialAction":[{"@type":"ReadAction","target":["https:\/\/brandstoffenbergiers.be\/fr\/"]}]},{"@type":"BreadcrumbList","@id":"https:\/\/brandstoffenbergiers.be\/fr\/#breadcrumb","itemListElement":[{"@type":"ListItem","position":1,"name":"Home","item":"https:\/\/brandstoffenbergiers.be\/fr\/"},{"@type":"ListItem","position":2,"name":"Home"}]},{"@type":"WebSite","@id":"https:\/\/brandstoffenbergiers.be\/fr\/#website","url":"https:\/\/brandstoffenbergiers.be\/fr\/","name":"Brandstoffen Bergiers","description":"Brandstoflevering aan huis","publisher":{"@id":"https:\/\/brandstoffenbergiers.be\/fr\/#organization"},"potentialAction":[{"@type":"SearchAction","target":{"@type":"EntryPoint","urlTemplate":"https:\/\/brandstoffenbergiers.be\/fr\/?s={search_term_string}"},"query-input":{"@type":"PropertyValueSpecification","valueRequired":true,"valueName":"search_term_string"}}],"inLanguage":"fr-FR"},{"@type":"Organization","@id":"https:\/\/brandstoffenbergiers.be\/fr\/#organization","name":"Brandstoffen Bergiers","url":"https:\/\/brandstoffenbergiers.be\/fr\/","logo":{"@type":"ImageObject","inLanguage":"fr-FR","@id":"https:\/\/brandstoffenbergiers.be\/fr\/#\/schema\/logo\/image\/","url":"https:\/\/brandstoffenbergiers.be\/wp-content\/uploads\/2022\/11\/Logo_brandstoffenbergiers-1.png","contentUrl":"https:\/\/brandstoffenbergiers.be\/wp-content\/uploads\/2022\/11\/Logo_brandstoffenbergiers-1.png","width":749,"height":515,"caption":"Brandstoffen Bergiers"},"image":{"@id":"https:\/\/brandstoffenbergiers.be\/fr\/#\/schema\/logo\/image\/"}}]}},"_links":{"self":[{"href":"https:\/\/brandstoffenbergiers.be\/fr\/wp-json\/wp\/v2\/pages\/1503","targetHints":{"allow":["GET"]}}],"collection":[{"href":"https:\/\/brandstoffenbergiers.be\/fr\/wp-json\/wp\/v2\/pages"}],"about":[{"href":"https:\/\/brandstoffenbergiers.be\/fr\/wp-json\/wp\/v2\/types\/page"}],"author":[{"embeddable":true,"href":"https:\/\/brandstoffenbergiers.be\/fr\/wp-json\/wp\/v2\/users\/4"}],"replies":[{"embeddable":true,"href":"https:\/\/brandstoffenbergiers.be\/fr\/wp-json\/wp\/v2\/comments?post=1503"}],"version-history":[{"count":25,"href":"https:\/\/brandstoffenbergiers.be\/fr\/wp-json\/wp\/v2\/pages\/1503\/revisions"}],"predecessor-version":[{"id":2587,"href":"https:\/\/brandstoffenbergiers.be\/fr\/wp-json\/wp\/v2\/pages\/1503\/revisions\/2587"}],"wp:attachment":[{"href":"https:\/\/brandstoffenbergiers.be\/fr\/wp-json\/wp\/v2\/media?parent=1503"}],"curies":[{"name":"wp","href":"https:\/\/api.w.org\/{rel}","templated":true}]}}