{"id":1495,"date":"2022-12-02T16:36:02","date_gmt":"2022-12-02T15:36:02","guid":{"rendered":"https:\/\/wordpress-390424-4453142.cloudwaysapps.com\/conditions-generales\/"},"modified":"2023-11-06T14:06:32","modified_gmt":"2023-11-06T13:06:32","slug":"conditions-generales","status":"publish","type":"page","link":"https:\/\/brandstoffenbergiers.be\/fr\/conditions-generales\/","title":{"rendered":"Conditions g\u00e9n\u00e9rales"},"content":{"rendered":"\t\t<div data-elementor-type=\"wp-post\" data-elementor-id=\"1495\" class=\"elementor elementor-1495 elementor-1160\" data-elementor-post-type=\"page\">\n\t\t\t\t\t\t<section class=\"elementor-section elementor-top-section elementor-element elementor-element-ef86bc9 elementor-section-content-middle elementor-section-boxed elementor-section-height-default elementor-section-height-default\" data-id=\"ef86bc9\" data-element_type=\"section\" data-e-type=\"section\" data-settings=\"{&quot;background_background&quot;:&quot;classic&quot;}\">\n\t\t\t\t\t\t\t<div class=\"elementor-background-overlay\"><\/div>\n\t\t\t\t\t\t\t<div class=\"elementor-container elementor-column-gap-no\">\n\t\t\t\t\t<div class=\"elementor-column elementor-col-100 elementor-top-column elementor-element elementor-element-977c84c\" data-id=\"977c84c\" data-element_type=\"column\" data-e-type=\"column\">\n\t\t\t<div class=\"elementor-widget-wrap elementor-element-populated\">\n\t\t\t\t\t\t<div class=\"elementor-element elementor-element-b1de7f9 elementor-widget elementor-widget-heading\" data-id=\"b1de7f9\" data-element_type=\"widget\" data-e-type=\"widget\" data-widget_type=\"heading.default\">\n\t\t\t\t<div class=\"elementor-widget-container\">\n\t\t\t\t\t<h1 class=\"elementor-heading-title elementor-size-default\">Conditions g\u00e9n\u00e9rales<\/h1>\t\t\t\t<\/div>\n\t\t\t\t<\/div>\n\t\t\t\t<div class=\"elementor-element elementor-element-987a9f7 elementor-widget-divider--view-line elementor-widget elementor-widget-divider\" data-id=\"987a9f7\" data-element_type=\"widget\" data-e-type=\"widget\" data-widget_type=\"divider.default\">\n\t\t\t\t<div class=\"elementor-widget-container\">\n\t\t\t\t\t\t\t<div class=\"elementor-divider\">\n\t\t\t<span class=\"elementor-divider-separator\">\n\t\t\t\t\t\t<\/span>\n\t\t<\/div>\n\t\t\t\t\t\t<\/div>\n\t\t\t\t<\/div>\n\t\t\t\t\t<\/div>\n\t\t<\/div>\n\t\t\t\t\t<\/div>\n\t\t<\/section>\n\t\t\t\t<section class=\"elementor-section elementor-top-section elementor-element elementor-element-21c0687 elementor-section-boxed elementor-section-height-default elementor-section-height-default\" data-id=\"21c0687\" data-element_type=\"section\" data-e-type=\"section\">\n\t\t\t\t\t\t<div class=\"elementor-container elementor-column-gap-default\">\n\t\t\t\t\t<div class=\"elementor-column elementor-col-100 elementor-top-column elementor-element elementor-element-4998089\" data-id=\"4998089\" data-element_type=\"column\" data-e-type=\"column\">\n\t\t\t<div class=\"elementor-widget-wrap elementor-element-populated\">\n\t\t\t\t\t\t<section class=\"elementor-section elementor-inner-section elementor-element elementor-element-ec4c0d0 elementor-section-content-middle elementor-section-boxed elementor-section-height-default elementor-section-height-default\" data-id=\"ec4c0d0\" data-element_type=\"section\" data-e-type=\"section\">\n\t\t\t\t\t\t<div class=\"elementor-container elementor-column-gap-default\">\n\t\t\t\t\t<div class=\"elementor-column elementor-col-50 elementor-inner-column elementor-element elementor-element-8c37905\" data-id=\"8c37905\" data-element_type=\"column\" data-e-type=\"column\">\n\t\t\t<div class=\"elementor-widget-wrap\">\n\t\t\t\t\t\t\t<\/div>\n\t\t<\/div>\n\t\t\t\t<div class=\"elementor-column elementor-col-50 elementor-inner-column elementor-element elementor-element-000f10c\" data-id=\"000f10c\" data-element_type=\"column\" data-e-type=\"column\" data-settings=\"{&quot;background_background&quot;:&quot;classic&quot;}\">\n\t\t\t<div class=\"elementor-widget-wrap elementor-element-populated\">\n\t\t\t\t\t<div class=\"elementor-background-overlay\"><\/div>\n\t\t\t\t\t\t<div class=\"elementor-element elementor-element-61defdd uael-dual-heading-align-left elementor-widget elementor-widget-uael-dual-color-heading\" data-id=\"61defdd\" data-element_type=\"widget\" data-e-type=\"widget\" data-widget_type=\"uael-dual-color-heading.default\">\n\t\t\t\t<div class=\"elementor-widget-container\">\n\t\t\t\t\t\t\t\t\t<div class=\"uael-module-content uael-dual-color-heading uael-heading-stack-none\">\n\t\t\t<h4>\n\t\t\t\t\t\t\t\t\t\t\t\t\t\t\t\t<span class=\"uael-before-heading\"><span class=\"elementor-inline-editing uael-dual-heading-text uael-first-text\" data-elementor-setting-key=\"before_heading_text\" data-elementor-inline-editing-toolbar=\"basic\">Commandez votre carburant d\u00e8s aujourd'hui<\/span><\/span><span class=\"uael-adv-heading-stack\"><span class=\"elementor-inline-editing uael-dual-heading-text uael-highlight-text\" data-elementor-setting-key=\"second_heading_text\" data-elementor-inline-editing-toolbar=\"basic\"><\/span><\/span>\t\t\t\t\t\t\t\t\t\t\t\t\t<\/h4>\n\t\t<\/div>\n\t\t\t\t\t\t<\/div>\n\t\t\t\t<\/div>\n\t\t\t\t<div class=\"elementor-element elementor-element-56947e6 elementor-widget elementor-widget-heading\" data-id=\"56947e6\" data-element_type=\"widget\" data-e-type=\"widget\" data-widget_type=\"heading.default\">\n\t\t\t\t<div class=\"elementor-widget-container\">\n\t\t\t\t\t<h2 class=\"elementor-heading-title elementor-size-default\"><a href=\"https:\/\/wordpress-390424-4453142.cloudwaysapps.com\/fr\/commandez\/\">Commandez maintenant<\/a><\/h2>\t\t\t\t<\/div>\n\t\t\t\t<\/div>\n\t\t\t\t\t<\/div>\n\t\t<\/div>\n\t\t\t\t\t<\/div>\n\t\t<\/section>\n\t\t\t\t\t<\/div>\n\t\t<\/div>\n\t\t\t\t\t<\/div>\n\t\t<\/section>\n\t\t\t\t<section class=\"elementor-section elementor-top-section elementor-element elementor-element-85fcdea elementor-section-boxed elementor-section-height-default elementor-section-height-default\" data-id=\"85fcdea\" data-element_type=\"section\" data-e-type=\"section\">\n\t\t\t\t\t\t<div class=\"elementor-container elementor-column-gap-default\">\n\t\t\t\t\t<div class=\"elementor-column elementor-col-100 elementor-top-column elementor-element elementor-element-e2c7901\" data-id=\"e2c7901\" data-element_type=\"column\" data-e-type=\"column\">\n\t\t\t<div class=\"elementor-widget-wrap elementor-element-populated\">\n\t\t\t\t\t\t<div class=\"elementor-element elementor-element-d5bf3c1 elementor-widget elementor-widget-text-editor\" data-id=\"d5bf3c1\" data-element_type=\"widget\" data-e-type=\"widget\" data-widget_type=\"text-editor.default\">\n\t\t\t\t<div class=\"elementor-widget-container\">\n\t\t\t\t\t\t\t\t\t<ol>\n<li style=\"list-style-type: none;\">\n<ol>\n<li>Toute commande, m\u00eame not\u00e9e par nos agents ou repr\u00e9sentants, est uniquement contraignante si nous l\u2019acceptons express\u00e9ment et par \u00e9crit. Toute annulation de commande est impossible, sauf accord \u00e9crit. [OU&nbsp;: L\u2019annulation de la commande est possible jusqu\u2019\u00e0 maximum 2 jours apr\u00e8s la passation de la commande. En cas d\u2019annulation de la commande, les acomptes \u00e9ventuellement pay\u00e9s seront rembours\u00e9s, \u00e0 l\u2019exception d&#8217;un montant forfaitaire de 20,00 EUR \u00e0 titre de frais administratifs.]<\/li>\n<li>Les biens\/services sont livr\u00e9s dans le d\u00e9lai indiqu\u00e9 dans le contrat. Les biens restent la propri\u00e9t\u00e9 du vendeur jusqu\u2019au paiement int\u00e9gral du principal, des frais et des int\u00e9r\u00eats. Si les biens sont livr\u00e9s par le vendeur, le risque est transf\u00e9r\u00e9 au moment de la livraison. Si les biens doivent \u00eatre enlev\u00e9s par le client, le risque est transf\u00e9r\u00e9 au moment de la vente<\/li>\n<li>En cas de livraison tardive, le client doit mettre le vendeur en demeure \u00e0 cet \u00e9gard et proposer un d\u00e9lai appropri\u00e9 pour proc\u00e9der \u00e0 la livraison. Si le vendeur ne livre pas les biens dans ce d\u00e9lai, le client peut r\u00e9silier le contrat sans frais.<\/li>\n<li>Le client doit faire en sorte que les biens et\/ou services puissent \u00eatre livr\u00e9s et install\u00e9s par le vendeur de mani\u00e8re normale, \u00e0 l\u2019endroit et au moment convenus, et veiller, entre autres, \u00e0 l\u2019accessibilit\u00e9 du lieu de livraison. En cas de non-respect de ces conditions, le client est tenu d\u2019indemniser tous les dommages subis par le vendeur, y compris les heures d\u2019attente, les co\u00fbts de stockage et les frais de conservation de la chose.<\/li>\n<li>Le client doit examiner les biens fournis imm\u00e9diatement. En ce qui concerne les d\u00e9fauts \u00e9ventuels aux biens livr\u00e9s, le client dispose d&#8217;une garantie l\u00e9gale de deux ans \u00e0 compter de la livraison, conform\u00e9ment \u00e0 l\u2019article 1649quater du Code civil. Cette disposition s\u2019applique \u00e9galement aux installations pr\u00e9vues par le vendeur. Le client qui constate un d\u00e9faut et qui souhaite invoquer la garantie l\u00e9gale doit signaler ce d\u00e9faut dans les deux mois suivant la date \u00e0 laquelle il a constat\u00e9 le d\u00e9faut. Pass\u00e9 ce d\u00e9lai, le vendeur r\u00e9pond exclusivement des vices cach\u00e9s rendant la chose impropre \u00e0 l\u2019usage auquel elle est destin\u00e9e, dans la mesure o\u00f9 les biens n\u2019ont pas \u00e9t\u00e9 transform\u00e9s entretemps et o\u00f9 ces d\u00e9fauts \u00e9taient ou auraient d\u00fb \u00eatre connus du vendeur. Le client doit informer le vendeur de l\u2019existence du vice cach\u00e9 par lettre recommand\u00e9e accompagn\u00e9e d&#8217;une description d\u00e9taill\u00e9e du vice au plus tard dans les 7 jours calendrier. Les plaintes pour cause de vices cach\u00e9s ne suspendent pas l\u2019obligation de paiement dans le chef du client.<\/li>\n<li>Le vendeur n\u2019est pas tenu \u00e0 une quelconque indemnisation qui d\u00e9coulerait directement ou indirectement des biens que nous avons livr\u00e9s ou vendus, sauf en cas de faute grave ou intentionnelle. Ceci n\u2019affecte pas les droits du consommateur vis\u00e9s \u00e0 l\u2019article 5. La responsabilit\u00e9 du vendeur est en tout cas limit\u00e9e \u00e0 la valeur de la facture li\u00e9e aux biens\/services livr\u00e9s. La responsabilit\u00e9 du vendeur ne peut en aucun cas \u00eatre engag\u00e9e pour tout dommage indirect tel que, sans que ce soit limitatif, la perte de revenus, la perte de contrats, la perte en capital, la baisse du rendement ou toutes autres pertes ou dommages cons\u00e9cutifs et ce, tant vis-\u00e0-vis du client que vis-\u00e0-vis de tiers. Cette restriction ne s\u2019applique toutefois pas en cas de d\u00e9c\u00e8s ou de l\u00e9sions corporelles du client r\u00e9sultant des agissements ou de la n\u00e9gligence du vendeur.<\/li>\n<li>Sauf convention contraire expresse et \u00e9crite, la facture est payable au comptant. \u00c0 d\u00e9faut de paiement de la totalit\u00e9 ou d\u2019une partie du prix, le vendeur mettra le client en demeure de r\u00e9gler le montant d\u00fb dans un d\u00e9lai appropri\u00e9.&nbsp;Les retards de paiement des clients disposant d&#8217;un num\u00e9ro d&#8217;entreprise facturent, \u00e0 compter de leur date d&#8217;\u00e9ch\u00e9ance, de plein droit et sans mise en demeure, des int\u00e9r\u00eats au taux d&#8217;int\u00e9r\u00eat fix\u00e9 \u00e0 l&#8217;article 5 de la loi du 2 ao\u00fbt 2002 relative \u00e0 la lutte contre le retard de paiement dans les transactions commerciales. En cas de retard de paiement, le client est \u00e9galement redevable d&#8217;une indemnit\u00e9 forfaitaire de 10% avec un minimum de 120,00 EUR. Si le client est un particulier\/consommateur, les retards de paiement ne donneront lieu \u00e0 des int\u00e9r\u00eats et \u00e0 des indemnit\u00e9s que si le paiement n&#8217;est pas effectu\u00e9 dans les 14 jours calendaires apr\u00e8s r\u00e9ception d&#8217;un rappel de paiement gratuit. Les int\u00e9r\u00eats sont dus au taux d&#8217;int\u00e9r\u00eat fix\u00e9 \u00e0 l&#8217;article 5 de la loi du 2 ao\u00fbt 2002 relative \u00e0 la lutte contre le retard de paiement dans les transactions commerciales et sont calcul\u00e9s \u00e0 compter du lendemain de l&#8217;envoi de la mise en demeure. Le montant de l&#8217;indemnit\u00e9 forfaitaire est le montant maximum tel que d\u00e9termin\u00e9 \u00e0 l&#8217;article XIX.4 CEL (index\u00e9 le cas \u00e9ch\u00e9ant). Le client priv\u00e9 a droit aux m\u00eames indemnit\u00e9s et int\u00e9r\u00eats que ceux pr\u00e9vus ci-dessus en faveur de BERGIERS BV en cas de d\u00e9faillance de cette derni\u00e8re.<\/li>\n<li>Tout non-paiement rend exigibles les factures impay\u00e9es et donne au vendeur le droit, apr\u00e8s mise en demeure, d&#8217;exiger une indemnit\u00e9 forfaitaire, dans la mesure o\u00f9 celle-ci a \u00e9t\u00e9 express\u00e9ment d\u00e9termin\u00e9e, dont le montant ne peut exc\u00e9der&nbsp; &nbsp; &nbsp; &nbsp; &nbsp; &nbsp; &nbsp; &nbsp; &nbsp; &nbsp; &nbsp; &nbsp; &nbsp; &nbsp; &nbsp; &nbsp; &nbsp; &nbsp; &nbsp; &nbsp; &nbsp; &nbsp; &nbsp; &nbsp; &nbsp; &nbsp; &nbsp; &nbsp; &nbsp; &nbsp; &nbsp; &nbsp; &nbsp; &nbsp; a) 20 euros si le solde d\u00fb est inf\u00e9rieur ou \u00e9gal \u00e0 150 euros.&nbsp; &nbsp; &nbsp; &nbsp; &nbsp; &nbsp; &nbsp; &nbsp; &nbsp; &nbsp; b) 30 euros plus 10 % du montant d\u00fb sur la tranche comprise entre 150,01 et 500 euros si le solde d\u00fb est compris entre 150,01 et 500 euros.&nbsp; &nbsp; &nbsp; &nbsp; &nbsp; &nbsp; &nbsp; &nbsp; &nbsp; &nbsp; &nbsp; &nbsp; &nbsp; &nbsp; &nbsp; &nbsp; &nbsp; &nbsp; &nbsp; &nbsp; &nbsp; &nbsp; &nbsp; &nbsp; &nbsp; &nbsp; &nbsp; &nbsp; &nbsp; &nbsp; &nbsp; &nbsp; &nbsp; &nbsp; &nbsp; &nbsp; &nbsp; &nbsp; &nbsp; &nbsp; &nbsp; &nbsp; &nbsp; &nbsp; &nbsp; &nbsp; &nbsp; &nbsp; &nbsp; &nbsp; &nbsp; &nbsp; &nbsp; &nbsp; &nbsp; &nbsp; &nbsp; &nbsp; &nbsp; &nbsp;c) 65 euros plus 5% du montant d\u00fb sur la tranche sup\u00e9rieure \u00e0 500 euros avec un maximum de 2000 euros si le solde d\u00fb est sup\u00e9rieur \u00e0 500 euros<\/li>\n<li>En cas de non-respect de ses obligations contractuelles par l\u2019une des parties, l\u2019autre partie est habilit\u00e9e, apr\u00e8s mise en demeure, soit \u00e0 surseoir \u00e0 ses obligations, soit \u00e0 r\u00e9silier le contrat sans intervention judiciaire si aucune suite ou aucune suite utile n\u2019a \u00e9t\u00e9 donn\u00e9e \u00e0 cette mise en demeure dans les 3 jours ouvrables.<\/li>\n<li>Tous nos contrats sont r\u00e9gis par le droit belge.<\/li>\n<\/ol>\n<\/li>\n<\/ol>\n<ol>\n<li style=\"list-style-type: none;\">&nbsp;<\/li>\n<\/ol>\t\t\t\t\t\t\t\t<\/div>\n\t\t\t\t<\/div>\n\t\t\t\t\t<\/div>\n\t\t<\/div>\n\t\t\t\t\t<\/div>\n\t\t<\/section>\n\t\t\t\t<\/div>\n\t\t","protected":false},"excerpt":{"rendered":"<p>Conditions g\u00e9n\u00e9rales Commandez votre carburant d\u00e8s aujourd&#8217;hui Commandez maintenant Toute commande, m\u00eame not\u00e9e par nos agents ou repr\u00e9sentants, est uniquement contraignante si nous l\u2019acceptons express\u00e9ment et par \u00e9crit. Toute annulation de commande est impossible, sauf accord \u00e9crit. [OU&nbsp;: L\u2019annulation de la commande est possible jusqu\u2019\u00e0 maximum 2 jours apr\u00e8s la passation de la commande. En &hellip;<\/p>\n<p class=\"read-more\"> <a class=\"\" href=\"https:\/\/brandstoffenbergiers.be\/fr\/conditions-generales\/\"> <span class=\"screen-reader-text\">Conditions g\u00e9n\u00e9rales<\/span> Lire la suite \u00bb<\/a><\/p>\n","protected":false},"author":4,"featured_media":0,"parent":0,"menu_order":0,"comment_status":"closed","ping_status":"closed","template":"","meta":{"_acf_changed":false,"site-sidebar-layout":"no-sidebar","site-content-layout":"page-builder","ast-global-header-display":"","ast-main-header-display":"","ast-hfb-above-header-display":"","ast-hfb-below-header-display":"","ast-hfb-mobile-header-display":"","site-post-title":"disabled","ast-breadcrumbs-content":"","ast-featured-img":"disabled","footer-sml-layout":"","theme-transparent-header-meta":"enabled","adv-header-id-meta":"","stick-header-meta":"default","header-above-stick-meta":"","header-main-stick-meta":"","header-below-stick-meta":"","footnotes":""},"class_list":["post-1495","page","type-page","status-publish","hentry"],"acf":[],"yoast_head":"<!-- This site is optimized with the Yoast SEO plugin v27.0 - https:\/\/yoast.com\/product\/yoast-seo-wordpress\/ -->\n<title>Conditions g\u00e9n\u00e9rales - Brandstoffen Bergiers<\/title>\n<meta name=\"robots\" content=\"noindex, nofollow\" \/>\n<meta property=\"og:locale\" content=\"fr_FR\" \/>\n<meta property=\"og:type\" content=\"article\" \/>\n<meta property=\"og:title\" content=\"Conditions g\u00e9n\u00e9rales - Brandstoffen Bergiers\" \/>\n<meta property=\"og:description\" content=\"Conditions g\u00e9n\u00e9rales Commandez votre carburant d\u00e8s aujourd&#8217;hui Commandez maintenant Toute commande, m\u00eame not\u00e9e par nos agents ou repr\u00e9sentants, est uniquement contraignante si nous l\u2019acceptons express\u00e9ment et par \u00e9crit. Toute annulation de commande est impossible, sauf accord \u00e9crit. [OU&nbsp;: L\u2019annulation de la commande est possible jusqu\u2019\u00e0 maximum 2 jours apr\u00e8s la passation de la commande. En &hellip; Conditions g\u00e9n\u00e9rales Lire la suite \u00bb\" \/>\n<meta property=\"og:url\" content=\"https:\/\/brandstoffenbergiers.be\/fr\/conditions-generales\/\" \/>\n<meta property=\"og:site_name\" content=\"Brandstoffen Bergiers\" \/>\n<meta property=\"article:modified_time\" content=\"2023-11-06T13:06:32+00:00\" \/>\n<meta name=\"twitter:card\" content=\"summary_large_image\" \/>\n<meta name=\"twitter:label1\" content=\"Dur\u00e9e de lecture estim\u00e9e\" \/>\n\t<meta name=\"twitter:data1\" content=\"6 minutes\" \/>\n<script type=\"application\/ld+json\" class=\"yoast-schema-graph\">{\"@context\":\"https:\/\/schema.org\",\"@graph\":[{\"@type\":\"WebPage\",\"@id\":\"https:\/\/brandstoffenbergiers.be\/fr\/conditions-generales\/\",\"url\":\"https:\/\/brandstoffenbergiers.be\/fr\/conditions-generales\/\",\"name\":\"Conditions g\u00e9n\u00e9rales - Brandstoffen Bergiers\",\"isPartOf\":{\"@id\":\"https:\/\/brandstoffenbergiers.be\/fr\/#website\"},\"datePublished\":\"2022-12-02T15:36:02+00:00\",\"dateModified\":\"2023-11-06T13:06:32+00:00\",\"breadcrumb\":{\"@id\":\"https:\/\/brandstoffenbergiers.be\/fr\/conditions-generales\/#breadcrumb\"},\"inLanguage\":\"fr-FR\",\"potentialAction\":[{\"@type\":\"ReadAction\",\"target\":[\"https:\/\/brandstoffenbergiers.be\/fr\/conditions-generales\/\"]}]},{\"@type\":\"BreadcrumbList\",\"@id\":\"https:\/\/brandstoffenbergiers.be\/fr\/conditions-generales\/#breadcrumb\",\"itemListElement\":[{\"@type\":\"ListItem\",\"position\":1,\"name\":\"Home\",\"item\":\"https:\/\/brandstoffenbergiers.be\/fr\/\"},{\"@type\":\"ListItem\",\"position\":2,\"name\":\"Conditions g\u00e9n\u00e9rales\"}]},{\"@type\":\"WebSite\",\"@id\":\"https:\/\/brandstoffenbergiers.be\/fr\/#website\",\"url\":\"https:\/\/brandstoffenbergiers.be\/fr\/\",\"name\":\"Brandstoffen Bergiers\",\"description\":\"Brandstoflevering aan huis\",\"publisher\":{\"@id\":\"https:\/\/brandstoffenbergiers.be\/fr\/#organization\"},\"potentialAction\":[{\"@type\":\"SearchAction\",\"target\":{\"@type\":\"EntryPoint\",\"urlTemplate\":\"https:\/\/brandstoffenbergiers.be\/fr\/?s={search_term_string}\"},\"query-input\":{\"@type\":\"PropertyValueSpecification\",\"valueRequired\":true,\"valueName\":\"search_term_string\"}}],\"inLanguage\":\"fr-FR\"},{\"@type\":\"Organization\",\"@id\":\"https:\/\/brandstoffenbergiers.be\/fr\/#organization\",\"name\":\"Brandstoffen Bergiers\",\"url\":\"https:\/\/brandstoffenbergiers.be\/fr\/\",\"logo\":{\"@type\":\"ImageObject\",\"inLanguage\":\"fr-FR\",\"@id\":\"https:\/\/brandstoffenbergiers.be\/fr\/#\/schema\/logo\/image\/\",\"url\":\"https:\/\/brandstoffenbergiers.be\/wp-content\/uploads\/2022\/11\/Logo_brandstoffenbergiers-1.png\",\"contentUrl\":\"https:\/\/brandstoffenbergiers.be\/wp-content\/uploads\/2022\/11\/Logo_brandstoffenbergiers-1.png\",\"width\":749,\"height\":515,\"caption\":\"Brandstoffen Bergiers\"},\"image\":{\"@id\":\"https:\/\/brandstoffenbergiers.be\/fr\/#\/schema\/logo\/image\/\"}}]}<\/script>\n<!-- \/ Yoast SEO plugin. -->","yoast_head_json":{"title":"Conditions g\u00e9n\u00e9rales - Brandstoffen Bergiers","robots":{"index":"noindex","follow":"nofollow"},"og_locale":"fr_FR","og_type":"article","og_title":"Conditions g\u00e9n\u00e9rales - Brandstoffen Bergiers","og_description":"Conditions g\u00e9n\u00e9rales Commandez votre carburant d\u00e8s aujourd&#8217;hui Commandez maintenant Toute commande, m\u00eame not\u00e9e par nos agents ou repr\u00e9sentants, est uniquement contraignante si nous l\u2019acceptons express\u00e9ment et par \u00e9crit. Toute annulation de commande est impossible, sauf accord \u00e9crit. [OU&nbsp;: L\u2019annulation de la commande est possible jusqu\u2019\u00e0 maximum 2 jours apr\u00e8s la passation de la commande. En &hellip; Conditions g\u00e9n\u00e9rales Lire la suite \u00bb","og_url":"https:\/\/brandstoffenbergiers.be\/fr\/conditions-generales\/","og_site_name":"Brandstoffen Bergiers","article_modified_time":"2023-11-06T13:06:32+00:00","twitter_card":"summary_large_image","twitter_misc":{"Dur\u00e9e de lecture estim\u00e9e":"6 minutes"},"schema":{"@context":"https:\/\/schema.org","@graph":[{"@type":"WebPage","@id":"https:\/\/brandstoffenbergiers.be\/fr\/conditions-generales\/","url":"https:\/\/brandstoffenbergiers.be\/fr\/conditions-generales\/","name":"Conditions g\u00e9n\u00e9rales - Brandstoffen Bergiers","isPartOf":{"@id":"https:\/\/brandstoffenbergiers.be\/fr\/#website"},"datePublished":"2022-12-02T15:36:02+00:00","dateModified":"2023-11-06T13:06:32+00:00","breadcrumb":{"@id":"https:\/\/brandstoffenbergiers.be\/fr\/conditions-generales\/#breadcrumb"},"inLanguage":"fr-FR","potentialAction":[{"@type":"ReadAction","target":["https:\/\/brandstoffenbergiers.be\/fr\/conditions-generales\/"]}]},{"@type":"BreadcrumbList","@id":"https:\/\/brandstoffenbergiers.be\/fr\/conditions-generales\/#breadcrumb","itemListElement":[{"@type":"ListItem","position":1,"name":"Home","item":"https:\/\/brandstoffenbergiers.be\/fr\/"},{"@type":"ListItem","position":2,"name":"Conditions g\u00e9n\u00e9rales"}]},{"@type":"WebSite","@id":"https:\/\/brandstoffenbergiers.be\/fr\/#website","url":"https:\/\/brandstoffenbergiers.be\/fr\/","name":"Brandstoffen Bergiers","description":"Brandstoflevering aan huis","publisher":{"@id":"https:\/\/brandstoffenbergiers.be\/fr\/#organization"},"potentialAction":[{"@type":"SearchAction","target":{"@type":"EntryPoint","urlTemplate":"https:\/\/brandstoffenbergiers.be\/fr\/?s={search_term_string}"},"query-input":{"@type":"PropertyValueSpecification","valueRequired":true,"valueName":"search_term_string"}}],"inLanguage":"fr-FR"},{"@type":"Organization","@id":"https:\/\/brandstoffenbergiers.be\/fr\/#organization","name":"Brandstoffen Bergiers","url":"https:\/\/brandstoffenbergiers.be\/fr\/","logo":{"@type":"ImageObject","inLanguage":"fr-FR","@id":"https:\/\/brandstoffenbergiers.be\/fr\/#\/schema\/logo\/image\/","url":"https:\/\/brandstoffenbergiers.be\/wp-content\/uploads\/2022\/11\/Logo_brandstoffenbergiers-1.png","contentUrl":"https:\/\/brandstoffenbergiers.be\/wp-content\/uploads\/2022\/11\/Logo_brandstoffenbergiers-1.png","width":749,"height":515,"caption":"Brandstoffen Bergiers"},"image":{"@id":"https:\/\/brandstoffenbergiers.be\/fr\/#\/schema\/logo\/image\/"}}]}},"_links":{"self":[{"href":"https:\/\/brandstoffenbergiers.be\/fr\/wp-json\/wp\/v2\/pages\/1495","targetHints":{"allow":["GET"]}}],"collection":[{"href":"https:\/\/brandstoffenbergiers.be\/fr\/wp-json\/wp\/v2\/pages"}],"about":[{"href":"https:\/\/brandstoffenbergiers.be\/fr\/wp-json\/wp\/v2\/types\/page"}],"author":[{"embeddable":true,"href":"https:\/\/brandstoffenbergiers.be\/fr\/wp-json\/wp\/v2\/users\/4"}],"replies":[{"embeddable":true,"href":"https:\/\/brandstoffenbergiers.be\/fr\/wp-json\/wp\/v2\/comments?post=1495"}],"version-history":[{"count":19,"href":"https:\/\/brandstoffenbergiers.be\/fr\/wp-json\/wp\/v2\/pages\/1495\/revisions"}],"predecessor-version":[{"id":2313,"href":"https:\/\/brandstoffenbergiers.be\/fr\/wp-json\/wp\/v2\/pages\/1495\/revisions\/2313"}],"wp:attachment":[{"href":"https:\/\/brandstoffenbergiers.be\/fr\/wp-json\/wp\/v2\/media?parent=1495"}],"curies":[{"name":"wp","href":"https:\/\/api.w.org\/{rel}","templated":true}]}}